{"id":1370,"date":"2016-09-29T20:10:06","date_gmt":"2016-09-29T18:10:06","guid":{"rendered":"http:\/\/www.santamariadelrosario-sala.it\/?page_id=1370"},"modified":"2024-11-10T17:47:33","modified_gmt":"2024-11-10T16:47:33","slug":"porta-santa","status":"publish","type":"page","link":"https:\/\/www.santamariadelrosario-sala.it\/?page_id=1370","title":{"rendered":"Porta Santa"},"content":{"rendered":"<p><a href=\"http:\/\/www.santamariadelrosario-sala.it\/wp-content\/uploads\/2016\/09\/Microsoft-Word-Porta-Santa.jpg\"><img loading=\"lazy\" decoding=\"async\" class=\"alignnone size-medium wp-image-1371\" src=\"http:\/\/www.santamariadelrosario-sala.it\/wp-content\/uploads\/2016\/09\/Microsoft-Word-Porta-Santa-212x300.jpg\" alt=\"microsoft-word-porta-santa\" width=\"212\" height=\"300\" srcset=\"https:\/\/www.santamariadelrosario-sala.it\/wp-content\/uploads\/2016\/09\/Microsoft-Word-Porta-Santa-212x300.jpg 212w, https:\/\/www.santamariadelrosario-sala.it\/wp-content\/uploads\/2016\/09\/Microsoft-Word-Porta-Santa-724x1024.jpg 724w, https:\/\/www.santamariadelrosario-sala.it\/wp-content\/uploads\/2016\/09\/Microsoft-Word-Porta-Santa-177x250.jpg 177w, https:\/\/www.santamariadelrosario-sala.it\/wp-content\/uploads\/2016\/09\/Microsoft-Word-Porta-Santa.jpg 1652w\" sizes=\"auto, (max-width: 212px) 100vw, 212px\" \/><\/a><\/p>\n<h4 style=\"font-size: 13px;\"><span style=\"color: #000000;\"><span style=\"font-family: comic sans ms,cursive;\"><span style=\"font-size: 14px;\">Si ricorda che nella Messa di Natale 2024 inizia l&#8217;Anno Santo con l&#8217;apertura della Porta Santa in San Pietro da parte di Papa Francesco. Nella nostra diocesi, come tutte, l&#8217;apertura dell&#8217;anno santo sar\u00e0 domenica 29 dicembre in Cattedrale. La nostra chiesa sar\u00e0 Chiesa Giubilare e vi si potr\u00e0 ricevere l&#8217;indulgenza.<\/span><\/span><\/span><\/h4>\n","protected":false},"excerpt":{"rendered":"<p>Si ricorda che nella Messa di Natale 2024 inizia l&#8217;Anno Santo con l&#8217;apertura della Porta Santa in San Pietro da parte di Papa Francesco. Nella nostra diocesi, come tutte, l&#8217;apertura dell&#8217;anno santo sar\u00e0 domenica 29 dicembre in Cattedrale. La nostra chiesa sar\u00e0 Chiesa Giubilare e vi si potr\u00e0 ricevere l&#8217;indulgenza.<a href=\"https:\/\/www.santamariadelrosario-sala.it\/porta-santa\/\" title=\"Continue reading &laquo;Porta Santa&raquo;\" class=\"more-link\">Continue reading &laquo;Porta Santa&raquo;<\/a><\/p>\n","protected":false},"author":2,"featured_media":0,"parent":2,"menu_order":0,"comment_status":"closed","ping_status":"closed","template":"","meta":{"footnotes":""},"class_list":["post-1370","page","type-page","status-publish","hentry"],"_links":{"self":[{"href":"https:\/\/www.santamariadelrosario-sala.it\/index.php?rest_route=\/wp\/v2\/pages\/1370","targetHints":{"allow":["GET"]}}],"collection":[{"href":"https:\/\/www.santamariadelrosario-sala.it\/index.php?rest_route=\/wp\/v2\/pages"}],"about":[{"href":"https:\/\/www.santamariadelrosario-sala.it\/index.php?rest_route=\/wp\/v2\/types\/page"}],"author":[{"embeddable":true,"href":"https:\/\/www.santamariadelrosario-sala.it\/index.php?rest_route=\/wp\/v2\/users\/2"}],"replies":[{"embeddable":true,"href":"https:\/\/www.santamariadelrosario-sala.it\/index.php?rest_route=%2Fwp%2Fv2%2Fcomments&post=1370"}],"version-history":[{"count":2,"href":"https:\/\/www.santamariadelrosario-sala.it\/index.php?rest_route=\/wp\/v2\/pages\/1370\/revisions"}],"predecessor-version":[{"id":2082,"href":"https:\/\/www.santamariadelrosario-sala.it\/index.php?rest_route=\/wp\/v2\/pages\/1370\/revisions\/2082"}],"up":[{"embeddable":true,"href":"https:\/\/www.santamariadelrosario-sala.it\/index.php?rest_route=\/wp\/v2\/pages\/2"}],"wp:attachment":[{"href":"https:\/\/www.santamariadelrosario-sala.it\/index.php?rest_route=%2Fwp%2Fv2%2Fmedia&parent=1370"}],"curies":[{"name":"wp","href":"https:\/\/api.w.org\/{rel}","templated":true}]}}