{"id":1114,"date":"2015-07-17T00:09:48","date_gmt":"2015-07-16T22:09:48","guid":{"rendered":"http:\/\/www.santamariadelrosario-sala.it\/?page_id=1114"},"modified":"2018-10-23T18:30:32","modified_gmt":"2018-10-23T16:30:32","slug":"cookie-law","status":"publish","type":"page","link":"https:\/\/www.santamariadelrosario-sala.it\/?page_id=1114","title":{"rendered":"Privacy Policy e Cookie Law"},"content":{"rendered":"<div class=\"container\">\n<div class=\"row\">\n<div class=\"col-md-12 text-justify\">\n<p><strong>Informativa sulla Privacy (trattamento dei dati personali ex artt. 13-14 &#8211; Regolamento UE 2016\/679) e Utilizzo dei Cookie.<\/strong><\/p>\n<p><strong>La Parrocchia \u201cSanta Maria del Rosario\u201d in Sala di Cesenatico (FC), <\/strong>Ente Ecclesiastico civilmente riconosciuto, nel rispetto delle garanzie previste dall\u2019ordinamento canonico (Decreto Generale della Conferenza Episcopale Italiana del 25 maggio 2018) e in ottemperanza alle disposizioni del Regolamento (UE) 2016\/679 (di seguito definito come &#8220;GDPR&#8221;) ai sensi degli artt. 13 e 14, intende informare e garantire la privacy e la sicurezza dei dati personali di ciascun visitatore del sito\u00a0<strong><em><a href=\"http:\/\/www.santamariadelrosario-sala.it\">www.santamariadelrosario-sala.it<\/a> <\/em><\/strong>coerentemente con quanto prescritto nella presente Informativa.<\/p>\n<p>L\u2019informativa \u00e8 resa soltanto per il suddetto sito\u00a0<strong><em><a href=\"http:\/\/www.santamariadelrosario-sala.it\">www.santamariadelrosario-sala.it<\/a><\/em><\/strong> e non anche per altri siti web esterni ed eventualmente accessibili dall\u2019utente tramite link.<\/p>\n<p>Questa pagina \u00e8 visibile, mediante link <em><a href=\"http:\/\/www.santamariadelrosario-sala.it\/?page_id=1114\">http:\/\/www.santamariadelrosario-sala.it\/?page_id=1114<\/a><\/em> in tutte le pagine del Sito in ottemperanza al Regolamento UE 2016\/679.<\/p>\n<p>La presente Cookie Policy ha lo scopo di descrivere le modalit\u00e0 di gestione del sito in relazione al trattamento e alla gestione dei cookie.<\/p>\n<p><strong>INFORMAZIONI DI CONTATTO<\/strong><\/p>\n<p>I dati personali dell\u2019utente non saranno oggetto di diffusione ed all\u2019utente \u00e8 riconosciuto l\u2019esercizio dei diritti di cui agli artt. 11-20 del Regolamento Europeo n. 679\/2016 scrivendo a:<br \/>\n<strong>Parrocchia \u201cSanta Maria del Rosario\u201d <\/strong><\/p>\n<p><strong>Via Canale Bonificazione, 572<\/strong><\/p>\n<p><strong>47042 Sala di Cesenatico (FC) \u2013 Italia<\/strong><\/p>\n<p><strong>Tel. 0547 88303\u00a0\u00a0 <\/strong><\/p>\n<p><strong>TITOLARE DEL TRATTAMENTO<\/strong><\/p>\n<p>Il Titolare del trattamento \u00e8\u00a0<strong>\u00a0Parrocchia \u201cSanta Maria del Rosario\u201d <\/strong>con sede in\u00a0<strong>Via Canale Bonificazione, 572\u00a0 &#8211; 47042 Sala di Cesenatico(FC) <\/strong>nella persona di <strong>Don Luca BAIARDI<\/strong>, parroco pro-tempore della parrocchia stessa.<\/p>\n<p><strong>SCOPO E FINALITA\u2019 DEL TRATTAMENTO DEI DATI RACCOLTI<\/strong><br \/>\nPremesso che i dati forniti dall\u2019utente hanno carattere facoltativo, esplicito e volontario, si precisa che:<\/p>\n<p style=\"padding-left: 30px;\">a) il trattamento dei dati \u00e8 improntato ai principi di correttezza, liceit\u00e0, lealt\u00e0 e tutela della riservatezza;<\/p>\n<p style=\"padding-left: 30px;\">b) i dati personali acquisiti verranno trattati al fine di attuare le finalit\u00e0 istituzionali della Parrocchia stessa, per il tempo a ci\u00f2 necessario, e potranno essere comunicati, per realizzare tali finalit\u00e0, ad altri enti della Chiesa cattolica, come le Diocesi ed altre Parrocchie;<\/p>\n<p style=\"padding-left: 30px;\">c) i dati acquisiti verranno inseriti nei registri, negli archivi, negli elenchi e schedari, cartacei e informatici della Parrocchia;<\/p>\n<p style=\"padding-left: 30px;\">d) con il consenso del titolare, i dati acquisiti potranno: a) essere pubblicati negli annuari e bollettini predisposti dalla Parrocchia e da enti o organismi alla stessa collegati; b) essere pubblicati sul sito internet della Parrocchia e di enti o organismi alla stessa collegati; c) essere comunicati per finalit\u00e0 ulteriori rispetto a quelle istituzionali, per esempio informative o promozionali, ad altri soggetti ed enti della Chiesa cattolica ovvero alla stessa aderenti; d) essere trattati al fine della preparazione, organizzazione e gestione di eventi, con possibilit\u00e0 della loro comunicazione agli enti che cooperano alla realizzazione degli eventi stessi (enti ecclesiastici, amministrazioni pubbliche, alberghi, societ\u00e0 di servizi, ecc.);<\/p>\n<p style=\"padding-left: 30px;\">e) il conferimento dei dati \u00e8 obbligatorio per consentire alla Parrocchia di svolgere le proprie attivit\u00e0 istituzionali, mentre \u00e8 facoltativo per altre attivit\u00e0 (ad esempio informative e promozionali);<\/p>\n<p style=\"padding-left: 30px;\">f) il <strong>Titolare del trattamento dei dati \u00e8 la <\/strong><strong>Parrocchia \u201cSanta Maria del Rosario\u201d <\/strong>con sede in <strong>Via Canale Bonificazione, 572 &#8211; 47042 Sala di Cesenatico (FC) \u2013 Italia &#8211; Tel. 0547 88303, il <\/strong><strong>Responsabile del trattamento dei dati \u00e8 Nicola SCIALLA \u2013 mail <\/strong><strong><a href=\"mailto:nicolascialla@teletu.it\">nicolascialla@teletu.it<\/a><\/strong> , per conto di Don Luca.<\/p>\n<p style=\"padding-left: 30px;\">g) l\u2019interessato pu\u00f2 esercitare i diritti di accesso, integrazione, correzione, annotazione, opposizione e cancellazione dei propri dati, nonch\u00e9 chiedere la limitazione del trattamento, salvo quanto previsto nell\u2019art. 8, \u00a7 8, del Decreto generale del 25 maggio 2018, scrivendo al titolare\/responsabile del trattamento dei dati;<\/p>\n<p style=\"padding-left: 30px;\">h) l\u2019interessato ha diritto a revocare il proprio consenso, salvo quanto previsto nell\u2019art. 8, \u00a7 8, del Decreto generale del 25 maggio 2018, e salvo quanto previsto alla lett. e) della presente informativa.<\/p>\n<p style=\"padding-left: 30px;\">i) l\u2019interessato ha diritto di presentare reclamo all\u2019autorit\u00e0 di controllo.<\/p>\n<p style=\"padding-left: 30px;\">j) i dati sono trattati, manualmente ed elettronicamente, dal titolare del trattamento, dal responsabile del trattamento, e dai responsabili e incaricati preposti a servizi connessi; sono sottoposti a idonee procedure di sicurezza e, salvo il suo consenso, non sono comunicati n\u00e9 diffusi n\u00e9 trasferiti all\u2019esterno.<\/p>\n<p>Si sottolinea, infine, che i dati NON SARANNO MAI trasmessi e\/o comunicati a soggetti terzi, fatta eccezione, come previsto dalle norme di Legge, alle competenti autorit\u00e0 che ne facessero richiesta.<\/p>\n<p><strong>TIPI DI DATI TRATTATI<\/strong><\/p>\n<p><strong><em>Dati di navigazione<\/em><\/strong><\/p>\n<p>Nel normale esercizio, i sistemi informatici e le procedure software preposte al funzionamento del presente sito acquisiscono alcuni dati personali che vengono trasmessi implicitamente nell\u2019uso di protocolli di comunicazione internet.<\/p>\n<p>Si tratta di dati relativi al traffico telematico che per loro natura non sono immediatamente associabili ad interessati identificati, ma tramite elaborazioni o associazioni con dati detenuti da terzi potrebbero permettere di identificare gli utenti\/visitatori del sito (es. indirizzi IP).<\/p>\n<p>Questi dati vengono utilizzati soltanto per informazioni statistiche anonime relative alle visite del sito o per verificare la corretta funzionalit\u00e0 dello stesso.<\/p>\n<p>Tali dati sono conservati in conformit\u00e0 alle vigenti disposizioni normative in materia.<\/p>\n<p><strong>I COOKIE<\/strong><\/p>\n<p>I &#8220;cookie&#8221; sono dei file di testo di dimensioni ridotte creati sul computer dell&#8217;utente al momento in cui questo accede ad un determinato sito ed hanno lo scopo di immagazzinare e trasportare informazioni.<\/p>\n<p>I cookie sono inviati da un server web (che \u00e8 il computer sul quale \u00e8 in esecuzione il sito web visitato) al browser dell&#8217;utente (Internet Explorer, Mozilla Firefox, Google Chrome, ecc.) e memorizzati sul computer di quest&#8217;ultimo. Essi vengono, quindi, re-inviati al sito web al momento delle visite successive.<\/p>\n<p>Il sito\u00a0<strong>Parrocchia \u201cSanta Maria del Rosario\u201d (<a href=\"http:\/\/www.santamariadelrosario-sala.it\">www.santamariadelrosario-sala.it<\/a>)<\/strong>\u00a0NON fa uso di cookie di profilazione e utilizza soltanto cookie tecnici, che hanno la funzione di permettere lo svolgimento di attivit\u00e0 strettamente legate al suo funzionamento.<\/p>\n<p>In particolare\u00a0la <strong>Parrocchia \u201cSanta Maria del Rosario\u201d (<a href=\"http:\/\/www.santamariadelrosario-sala.it\">www.santamariadelrosario-sala.it<\/a>)<\/strong>\u00a0utilizza le seguenti tipologie di cookie:<\/p>\n<ul>\n<li><strong>Cookie tecnici essenziali<\/strong>\u00a0o di navigazione, per mezzo dei quali si possono salvare le preferenze di navigazione e migliorare l&#8217;esperienza di navigazione dell&#8217;Utente (ad esempio consentono la navigazione delle pagine, la memorizzazione delle credenziali d&#8217;accesso di un utente, per mantenerle attive durante la navigazione). Senza questi cookie non \u00e8 possibile l\u2019erogazione di taluni servizi, come il commento dei comunicati associati alle diverse tipologie di media e\/o la corretta visualizzazione delle pagine.<\/li>\n<\/ul>\n<p>Sono di due categorie, persistenti e di sessione:<\/p>\n<ul>\n<li><em>persistenti<\/em>: una volta chiuso il browser non vengono distrutti ma rimangono fino ad una data di scadenza reimpostata.<\/li>\n<li><em>di sessione<\/em>: vengono distrutti ogni volta che il browser viene chiuso.<br \/>\nQuesti cookie, inviati sempre da\u00a0<strong>Parrocchia \u201cSanta Maria del Rosario\u201d (<a href=\"http:\/\/www.santamariadelrosario-sala.it\">santamariadelrosario-sala.it<\/a>)<\/strong>, sono necessari a visualizzare correttamente il sito e in relazione ai servizi tecnici offerti, verranno quindi sempre utilizzati e inviati, a meno che l\u2019utenza non modifichi le impostazioni nel proprio browser (inficiando in tal modo la visualizzazione delle pagine del sito).<\/li>\n<\/ul>\n<ul>\n<li><strong>Cookie analytics<\/strong>, che acquisiscono informazioni statistiche sulle modalit\u00e0 di navigazione degli Utenti. Tali informazioni sono trattate in forma aggregata ed anonima. Permettono, ad esempio, di sapere quali sono le pagine pi\u00f9 visitate, quanto tempo dura in media una visita al sito, ecc.<\/li>\n<\/ul>\n<p><strong>Disabilitazione dei cookie<\/strong><\/p>\n<p>In ogni caso l&#8217;Utente ha la possibilit\u00e0 di rifiutare i cookies modificando le impostazioni del browser e, tenuto conto, come detto sopra, della funzionalit\u00e0 essenziale dei cookie strettamente necessari alla navigazione, l&#8217;utente pu\u00f2 eliminare i cookie direttamente tramite il proprio browser.<\/p>\n<p>I diversi browser presentano procedure distinte per la gestione delle impostazioni.<\/p>\n<p>Attraverso i link seguenti \u00e8 possibile ottenere specifiche informazioni:<\/p>\n<p><a href=\"https:\/\/support.google.com\/chrome\/answer\/95647?hl=it&amp;p=cpn_cookies\">Google Chrome<\/a>: <a href=\"https:\/\/support.google.com\/chrome\/answer\/95647?hl.it\">https:\/\/support.google.com\/chrome\/answer\/95647?hl.it<\/a><\/p>\n<p><a href=\"https:\/\/support.mozilla.org\/it\/kb\/Attivare%20e%20disattivare%20i%20cookie?redirectlocale=en-US&amp;redirectslug=Enabling+and+disabling+cookies\">Mozilla Firefox<\/a>: <a href=\"https:\/\/support.mozilla.org\/it\/kb\/Gestione%20dei%20cookie\">https:\/\/support.mozilla.org\/it\/kb\/Gestione%20dei%20cookie<\/a><\/p>\n<p><a href=\"http:\/\/windows.microsoft.com\/it-it\/windows7\/block-enable-or-allow-cookies\">Microsoft Windows Explorer<\/a>: <a href=\"http:\/\/windows.microsoft.com\/it-it\/windows-vista\/block-or-allow-cookies\">http:\/\/windows.microsoft.com\/it-it\/windows-vista\/block-or-allow-cookies<\/a><\/p>\n<p><strong>MODALITA\u2019 E LUOGO DEL TRATTAMENTO DEI DATI RACCOLTI<br \/>\n<\/strong><strong><em>Modalit\u00e0 di trattamento<\/em><\/strong><\/p>\n<p>Il titolare tratta i dati personali degli utenti adottando le opportune misure di sicurezza volte a impedire l\u2019accesso, la divulgazione, la modifica o la distruzione non autorizzate dei dati personali.<\/p>\n<p>Il trattamento viene effettuato mediante strumenti informatici e\/o telematici, con modalit\u00e0 organizzative e con logiche strettamente correlate alle finalit\u00e0 indicate. Oltre al titolare, in alcuni casi, potrebbero avere accesso ai dati categorie di incaricati coinvolti nell\u2019organizzazione del sito (personale amministrativo, amministratori di sistema).<\/p>\n<p><strong><em>Luogo<br \/>\n<\/em><\/strong>I trattamenti connessi ai servizi web di questo sito hanno luogo presso la predetta sede e presso la sede del service provider del sito e sono curati solo dal personale addetto, oppure da eventuali incaricati di operazioni di aggiornamento e manutenzione.<\/p>\n<p>I dati non sono trasferiti in paesi esterni alla UE.<\/p>\n<p><strong><em>Tempi<br \/>\n<\/em><\/strong>I dati sono trattati per il tempo necessario allo svolgimento del servizio richiesto dall\u2019Utente o richiesto dalle finalit\u00e0 descritte in questo documento e l\u2019Utente pu\u00f2 sempre chiedere l\u2019interruzione del Trattamento o la cancellazione dei dati contattando il Titolare, oppure utilizzando direttamente il modulo di cancellazione dei dati presente nel sito.<\/p>\n<p><strong>ULTERIORI INFORMAZIONI SUL TRATTAMENTO<\/strong><\/p>\n<p><strong><em>Difesa in giudizio<\/em><\/strong><\/p>\n<p>I Dati Personali dell\u2019Utente possono essere utilizzati per la difesa da parte del Titolare in giudizio o nelle fasi propedeutiche alla sua eventuale instaurazione, da abusi nell\u2019utilizzo della stessa o dei servizi connessi da parte dell\u2019Utente.<\/p>\n<p>L\u2019Utente dichiara di essere consapevole che al Titolare potrebbe essere richiesto di rivelare i Dati su richiesta delle pubbliche autorit\u00e0.<\/p>\n<p><strong><em>Reclamo all\u2019autorit\u00e0 competente<\/em><\/strong><\/p>\n<p>Pu\u00f2 essere sporto reclamo in relazione al trattamento all\u2019Autorit\u00e0 competente: Garante sulla Protezione dei Dati personali, Piazza di Monte Citorio n. 121 00186 ROMA, Fax: (+39) 06.69677.3785, Centralino telefonico: (+39) 06.696771, E-mail: garante@gpdp.it<\/p>\n<p><strong><em>Log di sistema e manutenzione<\/em><\/strong><\/p>\n<p>Per necessit\u00e0 legate al funzionamento e alla manutenzione, il sito e gli eventuali servizi terzi da esso utilizzati potrebbero raccogliere Log di sistema, ossia file che registrano le interazioni e che possono contenere anche Dati Personali, quali l\u2019indirizzo IP Utente.<\/p>\n<p><strong><em>Informazioni non contenute in questa policy<\/em><\/strong><\/p>\n<p>Maggiori informazioni in relazione al trattamento dei Dati Personali potranno essere richieste in qualsiasi momento al Titolare del Trattamento utilizzando le informazioni di contatto.<\/p>\n<p><strong><em>Esercizio dei diritti da parte degli Utenti<\/em><\/strong><\/p>\n<p>I soggetti cui si riferiscono i Dati Personali hanno il diritto in qualunque momento di ottenere la conferma dell\u2019esistenza o meno degli stessi presso il Titolare del Trattamento, di conoscerne il contenuto e l\u2019origine, di verificarne l\u2019esattezza o chiederne l\u2019integrazione, la cancellazione, l\u2019aggiornamento, la rettifica, la trasformazione in forma anonima o il blocco dei Dati Personali trattati in violazione di legge, nonch\u00e9 di opporsi in ogni caso, per motivi legittimi, al loro trattamento. Le richieste vanno rivolte al Titolare del Trattamento.<\/p>\n<p><strong><em>Modifiche a questa privacy policy<\/em><\/strong><\/p>\n<p>Il Titolare del Trattamento si riserva il diritto di apportare modifiche alla presente privacy policy in qualunque momento dandone pubblicit\u00e0 agli Utenti su questa pagina. Nel caso di mancata accettazione delle modifiche apportate alla presente privacy policy, l\u2019Utente \u00e8 tenuto a cessare l\u2019utilizzo di questa Applicazione e pu\u00f2 richiedere al Titolare del Trattamento di rimuovere i propri Dati Personali. Salvo quanto diversamente specificato, la precedente privacy policy continuer\u00e0 ad applicarsi ai Dati Personali sino a quel momento raccolti.<\/p>\n<p><strong><em>Informazioni su questa privacy policy<\/em><\/strong><\/p>\n<p>Il Titolare del Trattamento dei Dati \u00e8 responsabile per questa privacy policy.<\/p>\n<p>Ultima modifica:\u00a0<strong>23.10.2018<\/strong><\/p>\n<\/div>\n<\/div>\n<\/div>\n","protected":false},"excerpt":{"rendered":"<p>Informativa sulla Privacy (trattamento dei dati personali ex artt. 13-14 &#8211; Regolamento UE 2016\/679) e Utilizzo dei Cookie. La Parrocchia \u201cSanta Maria del Rosario\u201d in Sala di Cesenatico (FC), Ente Ecclesiastico civilmente riconosciuto, nel rispetto delle garanzie previste dall\u2019ordinamento canonico (Decreto Generale della Conferenza Episcopale Italiana del 25 maggio 2018) e in ottemperanza alle disposizioni [&hellip;]<a href=\"https:\/\/www.santamariadelrosario-sala.it\/cookie-law\/\" title=\"Continue reading &laquo;Privacy Policy e Cookie Law&raquo;\" class=\"more-link\">Continue reading &laquo;Privacy Policy e Cookie Law&raquo;<\/a><\/p>\n","protected":false},"author":1,"featured_media":0,"parent":2,"menu_order":0,"comment_status":"closed","ping_status":"closed","template":"","meta":{"footnotes":""},"class_list":["post-1114","page","type-page","status-publish","hentry"],"_links":{"self":[{"href":"https:\/\/www.santamariadelrosario-sala.it\/index.php?rest_route=\/wp\/v2\/pages\/1114","targetHints":{"allow":["GET"]}}],"collection":[{"href":"https:\/\/www.santamariadelrosario-sala.it\/index.php?rest_route=\/wp\/v2\/pages"}],"about":[{"href":"https:\/\/www.santamariadelrosario-sala.it\/index.php?rest_route=\/wp\/v2\/types\/page"}],"author":[{"embeddable":true,"href":"https:\/\/www.santamariadelrosario-sala.it\/index.php?rest_route=\/wp\/v2\/users\/1"}],"replies":[{"embeddable":true,"href":"https:\/\/www.santamariadelrosario-sala.it\/index.php?rest_route=%2Fwp%2Fv2%2Fcomments&post=1114"}],"version-history":[{"count":15,"href":"https:\/\/www.santamariadelrosario-sala.it\/index.php?rest_route=\/wp\/v2\/pages\/1114\/revisions"}],"predecessor-version":[{"id":1592,"href":"https:\/\/www.santamariadelrosario-sala.it\/index.php?rest_route=\/wp\/v2\/pages\/1114\/revisions\/1592"}],"up":[{"embeddable":true,"href":"https:\/\/www.santamariadelrosario-sala.it\/index.php?rest_route=\/wp\/v2\/pages\/2"}],"wp:attachment":[{"href":"https:\/\/www.santamariadelrosario-sala.it\/index.php?rest_route=%2Fwp%2Fv2%2Fmedia&parent=1114"}],"curies":[{"name":"wp","href":"https:\/\/api.w.org\/{rel}","templated":true}]}}